{"id":25,"date":"2023-11-20T12:01:09","date_gmt":"2023-11-20T12:01:09","guid":{"rendered":"https:\/\/wp2023.huurdersverenigingwinterswijk.nl\/?page_id=25"},"modified":"2024-10-05T10:08:09","modified_gmt":"2024-10-05T10:08:09","slug":"home","status":"publish","type":"page","link":"https:\/\/huurdersverenigingwinterswijk.nl\/","title":{"rendered":"Home"},"content":{"rendered":"<div class=\"\" style=\"\" >\n    \n    <section class=\"u-clearfix u-image u-section-2\" id=\"carousel_cc9f\" data-image-width=\"1000\" data-image-height=\"562\" style=\"background-image: url(&quot;https:\/\/huurdersverenigingwinterswijk.nl\/wp-content\/uploads\/2023\/11\/gemeentehuis_1000.jpg&quot;);\">\n      <div class=\"u-clearfix u-sheet u-sheet-1\">\n        <div class=\"custom-expanded u-align-left u-container-align-center u-container-align-left u-container-style u-custom-color-1 u-group u-group-1\" data-animation-name=\"customAnimationIn\" data-animation-duration=\"1500\" data-animation-delay=\"500\">\n          <div class=\"u-container-layout u-container-layout-1\">\n            <div class=\"u-absolute-hcenter u-align-left u-border-5 u-border-white u-container-align-left u-container-style u-expanded u-group u-group-2\">\n              <div class=\"u-container-layout u-container-layout-2\"><span class=\"u-file-icon u-icon u-text-white u-icon-1\"><img decoding=\"async\" src=\"https:\/\/huurdersverenigingwinterswijk.nl\/wp-content\/uploads\/2023\/11\/9ad0d68f.png\" alt=\"\"><\/span>\n                <h2 class=\"u-align-center u-text u-text-default u-text-1\"> Welkom bij \u00faw huurdersvereniging!<\/h2>\n                <p class=\"u-align-center u-text u-text-2\">&nbsp;<\/p>\n                <p class=\"u-align-center u-text u-text-body-alt-color u-text-3\"> Huurdersvereniging Winterswijk is een vereniging die de belangen van Winterswijkse huurders behartigt.<\/p>\n              <\/div>\n            <\/div>\n          <\/div>\n        <\/div>\n      <\/div>\n    <\/section>\n    <section class=\"u-clearfix u-palette-4-light-2 u-section-3\" id=\"carousel_0346\">\n      <div class=\"u-clearfix u-sheet u-sheet-1\">\n        <div class=\"data-layout-selected u-clearfix u-expanded-width u-gutter-48 u-layout-wrap u-layout-wrap-1\">\n          <div class=\"u-layout\">\n            <div class=\"u-layout-row\">\n              <div class=\"u-container-style u-custom-color-3 u-layout-cell u-opacity u-opacity-30 u-radius-38 u-shape-round u-size-30-lg u-size-30-xl u-size-60-md u-size-60-sm u-size-60-xs u-layout-cell-1\">\n                <div class=\"u-container-layout u-valign-middle-lg u-valign-middle-md u-valign-middle-sm u-valign-middle-xs u-valign-top-xl u-container-layout-1\">\n                  <p class=\"u-align-left u-text u-text-black u-text-1\"> Huurdersvereniging Winterswijk is een vereniging die de belangen van Winterswijkse huurders behartigt. \u00c1lle Winterswijkse huurders van woningen kunnen tegen lage kosten lid van onze vereniging worden.<br>\n                    <br>\n                    <span style=\"font-weight: 700;\">Voor \u00e1lle huurders<\/span>\n                    <br>Wij komen op voor de belangen van \u00e1lle woninghuurders. Of u nu van woningcorporaties zoals De Woonplaats of van particulier of commerci\u00eble verhuurders huurt. Zelfstandig en onafhankelijk.<br>\n                    <br>\n                  <\/p>\n                <\/div>\n              <\/div>\n              <div class=\"u-container-style u-custom-color-1 u-layout-cell u-radius-50 u-shape-round u-size-30-lg u-size-30-xl u-size-60-md u-size-60-sm u-size-60-xs u-layout-cell-2\">\n                <div class=\"u-container-layout u-container-layout-2\">\n                  <div class=\"u-expanded-width-md u-expanded-width-sm u-expanded-width-xs u-layout-grid u-list u-list-1\">\n                    <div class=\"u-repeater u-repeater-1\">\n                      <div class=\"u-container-style u-custom-item u-list-item u-repeater-item u-shape-rectangle\">\n                        <div class=\"u-container-layout u-similar-container u-valign-top u-container-layout-3\">\n                          <p class=\"u-custom-item u-text u-text-2\">Zelfstandig en onafhankelijk<\/p>\n                        <\/div>\n                      <\/div>\n                      <div class=\"u-container-style u-custom-item u-list-item u-repeater-item u-shape-rectangle\">\n                        <div class=\"u-container-layout u-similar-container u-valign-top u-container-layout-4\">\n                          <p class=\"u-custom-item u-text u-text-3\">Huurdersvereniging Winterswijk is volledig zelfstandig en onafhankelijk. Wij hebben een eigen beleid en een eigen onafhankelijk bestuur, dat bestaat uit vrijwilligers.&nbsp;<br>\n                            <br>\n                            <span style=\"font-weight: 700;\">Nederlandse Woonbond<\/span>\n                            <br>Ook goed om te weten: Huurdersvereniging&nbsp;<br>Winterswijk is lid van de Nederlandse Woonbond. Wij kunnen terugvallen op de bij hen aanwezige kennis. Dat kan bijvoorbeeld juridische kennis zijn, maar we kunnen ook voor andere zaken bij De Woonbond terecht \n                          <\/p>\n                        <\/div>\n                      <\/div>\n                    <\/div>\n                  <\/div>\n                <\/div>\n              <\/div>\n            <\/div>\n          <\/div>\n        <\/div>\n      <\/div>\n    <\/section>\n    <section class=\"u-align-center u-clearfix u-container-align-center u-gradient u-section-4\" id=\"carousel_ba4a\">\n      <div class=\"u-clearfix u-sheet u-sheet-1\">\n        <h2 class=\"u-align-center u-text u-text-custom-color-1 u-text-default u-text-1\">Direct naar&nbsp;<\/h2>\n        <div class=\"u-expanded-width u-list u-list-1\">\n          <div class=\"u-repeater u-repeater-1\">\n            <div class=\"u-align-center u-container-align-center-xl u-container-style u-custom-color-1 u-custom-item u-list-item u-radius-20 u-repeater-item u-shape-round u-video-cover u-list-item-1\">\n              <div class=\"u-container-layout u-similar-container u-valign-top-lg u-valign-top-md u-valign-top-sm u-valign-top-xs u-container-layout-1\">\n                <h4 class=\"u-text u-text-2\">Nieuws<\/h4><span class=\"u-custom-item u-file-icon u-icon u-text-white u-icon-1\" data-href=\"https:\/\/huurdersverenigingwinterswijk.nl\/?page_id=69\" title=\"Nieuws\"><img decoding=\"async\" src=\"https:\/\/huurdersverenigingwinterswijk.nl\/wp-content\/uploads\/2023\/11\/e4f4cca7.png\" alt=\"\"><\/span>\n              <\/div>\n            <\/div>\n            <div class=\"u-align-center u-container-align-center-xl u-container-style u-custom-color-1 u-custom-item u-list-item u-radius-20 u-repeater-item u-video-cover u-list-item-2\">\n              <div class=\"u-container-layout u-similar-container u-valign-top-lg u-valign-top-md u-valign-top-sm u-valign-top-xs u-container-layout-2\">\n                <h4 class=\"u-text u-text-3\">ALV<br>\n                <\/h4><span class=\"u-custom-item u-file-icon u-icon u-text-white u-icon-2\" data-href=\"https:\/\/huurdersverenigingwinterswijk.nl\/?page_id=108\" title=\"Algemene Ledenvergadering\"><img decoding=\"async\" src=\"https:\/\/huurdersverenigingwinterswijk.nl\/wp-content\/uploads\/2023\/11\/00733527.png\" alt=\"\"><\/span>\n              <\/div>\n            <\/div>\n            <div class=\"u-align-center u-container-align-center-xl u-container-style u-custom-color-1 u-custom-item u-list-item u-radius-20 u-repeater-item u-shape-round u-video-cover u-list-item-3\">\n              <div class=\"u-container-layout u-similar-container u-valign-top-lg u-valign-top-md u-valign-top-sm u-valign-top-xs u-container-layout-3\">\n                <h4 class=\"u-text u-text-4\">Klachten<br>\n                <\/h4><span class=\"u-custom-item u-file-icon u-icon u-text-white u-icon-3\" data-href=\"https:\/\/huurdersverenigingwinterswijk.nl\/?page_id=26\" title=\"Klachten\"><img decoding=\"async\" src=\"https:\/\/huurdersverenigingwinterswijk.nl\/wp-content\/uploads\/2023\/11\/3736da7a.png\" alt=\"\"><\/span>\n              <\/div>\n            <\/div>\n          <\/div>\n        <\/div>\n      <\/div>\n    <\/section>\n    <section class=\"u-align-center u-clearfix u-container-align-center u-palette-4-light-2 u-section-5\" id=\"carousel_2511\">\n      <div class=\"u-clearfix u-sheet u-sheet-1\">\n        <h2 class=\"u-custom-font u-font-montserrat u-text u-text-default u-text-1\" data-animation-name=\"customAnimationIn\" data-animation-duration=\"1500\" data-animation-delay=\"500\">\n          <span class=\"u-text-palette-4-base\">\n            <font color=\"#111111\">Ons bestuur<\/font>\n            <br>\n            <br>'Wij zetten ons voor uw belangen in' \n          <\/span>\n        <\/h2>\n        <div class=\"custom-expanded u-list u-list-1\">\n          <div class=\"u-repeater u-repeater-1\">\n            <div class=\"u-align-center u-container-align-center-xl u-container-style u-list-item u-opacity u-opacity-50 u-radius-50 u-repeater-item u-shape-round u-white u-list-item-1\" data-animation-name=\"customAnimationIn\" data-animation-duration=\"1500\" data-animation-delay=\"0\">\n              <div class=\"u-container-layout u-similar-container u-valign-top-lg u-valign-top-md u-valign-top-sm u-valign-top-xs u-container-layout-1\">\n                <h4 class=\"u-align-center u-text u-text-2\">Joke&nbsp;<br>te Lindert \n                <\/h4>\n              <\/div>\n            <\/div>\n            <div class=\"u-align-center u-container-align-center-xl u-container-style u-list-item u-opacity u-opacity-50 u-radius-50 u-repeater-item u-shape-round u-white u-list-item-2\" data-animation-name=\"customAnimationIn\" data-animation-duration=\"1500\" data-animation-delay=\"0\">\n              <div class=\"u-container-layout u-similar-container u-valign-top-lg u-valign-top-md u-valign-top-sm u-valign-top-xs u-container-layout-2\">\n                <h4 class=\"u-align-center u-text u-text-3\">Grietje&nbsp;<br>Hanevelt \n                <\/h4>\n              <\/div>\n            <\/div>\n            <div class=\"u-align-center u-container-align-center-xl u-container-style u-list-item u-opacity u-opacity-50 u-radius-50 u-repeater-item u-shape-round u-white u-list-item-3\" data-animation-name=\"customAnimationIn\" data-animation-duration=\"1500\" data-animation-delay=\"0\">\n              <div class=\"u-container-layout u-similar-container u-valign-top-lg u-valign-top-md u-valign-top-sm u-valign-top-xs u-container-layout-3\">\n                <h4 class=\"u-align-center u-text u-text-4\">Andr\u00e9 Hoenderboom<\/h4>\n              <\/div>\n            <\/div>\n            <div class=\"u-align-center u-container-align-center-xl u-container-style u-list-item u-opacity u-opacity-50 u-radius-50 u-repeater-item u-shape-round u-white u-list-item-4\">\n              <div class=\"u-container-layout u-similar-container u-valign-top-lg u-valign-top-md u-valign-top-sm u-valign-top-xs u-container-layout-4\">\n                <h4 class=\"u-align-center u-text u-text-5\">Henk&nbsp;<br>Mengers \n                <\/h4>\n              <\/div>\n            <\/div>\n          <\/div>\n        <\/div>\n      <\/div>\n    <\/section>\n    \n    \n    \n  \n<\/div>","protected":false},"excerpt":{"rendered":"<p>Welkom bij \u00faw huurdersvereniging! &nbsp; Huurdersvereniging Winterswijk is een vereniging die de belangen van Winterswijkse huurders behartigt. Huurdersvereniging Winterswijk is een vereniging die de belangen van Winterswijkse huurders behartigt. \u00c1lle Winterswijkse huurders van woningen kunnen tegen lage kosten lid van onze vereniging worden. Voor \u00e1lle huurders Wij komen op voor de belangen van \u00e1lle woninghuurders. [&hellip;]<\/p>\n","protected":false},"author":1,"featured_media":0,"parent":0,"menu_order":6,"comment_status":"closed","ping_status":"closed","template":"","meta":{"footnotes":""},"class_list":["post-25","page","type-page","status-publish","hentry"],"_links":{"self":[{"href":"https:\/\/huurdersverenigingwinterswijk.nl\/index.php?rest_route=\/wp\/v2\/pages\/25","targetHints":{"allow":["GET"]}}],"collection":[{"href":"https:\/\/huurdersverenigingwinterswijk.nl\/index.php?rest_route=\/wp\/v2\/pages"}],"about":[{"href":"https:\/\/huurdersverenigingwinterswijk.nl\/index.php?rest_route=\/wp\/v2\/types\/page"}],"author":[{"embeddable":true,"href":"https:\/\/huurdersverenigingwinterswijk.nl\/index.php?rest_route=\/wp\/v2\/users\/1"}],"replies":[{"embeddable":true,"href":"https:\/\/huurdersverenigingwinterswijk.nl\/index.php?rest_route=%2Fwp%2Fv2%2Fcomments&post=25"}],"version-history":[{"count":3,"href":"https:\/\/huurdersverenigingwinterswijk.nl\/index.php?rest_route=\/wp\/v2\/pages\/25\/revisions"}],"predecessor-version":[{"id":113,"href":"https:\/\/huurdersverenigingwinterswijk.nl\/index.php?rest_route=\/wp\/v2\/pages\/25\/revisions\/113"}],"wp:attachment":[{"href":"https:\/\/huurdersverenigingwinterswijk.nl\/index.php?rest_route=%2Fwp%2Fv2%2Fmedia&parent=25"}],"curies":[{"name":"wp","href":"https:\/\/api.w.org\/{rel}","templated":true}]}}