{"id":69,"date":"2024-10-05T08:35:39","date_gmt":"2024-10-05T08:35:39","guid":{"rendered":"https:\/\/huurdersverenigingwinterswijk.nl\/?page_id=69"},"modified":"2024-10-06T11:51:31","modified_gmt":"2024-10-06T11:51:31","slug":"nieuws","status":"publish","type":"page","link":"https:\/\/huurdersverenigingwinterswijk.nl\/?page_id=69","title":{"rendered":"Nieuws"},"content":{"rendered":"<div class=\"\" style=\"\" >\n    \n    <section class=\"u-align-left u-clearfix u-custom-color-3 u-section-2\" id=\"carousel_8825\">\n      <div class=\"u-clearfix u-sheet u-valign-middle-xl u-sheet-1\">\n        <div class=\"u-absolute-hcenter u-border-3 u-border-grey-dark-1 u-expanded-width u-line u-line-horizontal u-line-1\"><\/div>\n        <div class=\"u-absolute-hcenter-md u-absolute-hcenter-sm u-absolute-hcenter-xl u-absolute-hcenter-xs u-border-3 u-border-grey-dark-1 u-expanded-width-md u-expanded-width-sm u-expanded-width-xl u-expanded-width-xs u-line u-line-horizontal u-line-2\"><\/div>\n        <div class=\"u-absolute-hcenter-lg u-absolute-hcenter-md u-absolute-hcenter-sm u-absolute-hcenter-xs u-border-3 u-border-grey-dark-1 u-expanded-width u-line u-line-horizontal u-line-3\"><\/div>\n        <blockquote class=\"u-border-20 u-border-white u-custom-font u-font-montserrat u-text u-text-default u-text-1\">Nieuws <\/blockquote>\n        <img decoding=\"async\" class=\"u-expanded-width-xs u-image u-image-default u-image-1\" src=\"https:\/\/huurdersverenigingwinterswijk.nl\/wp-content\/uploads\/2024\/10\/Uitreiking-Cheques.jpg\" alt=\"\" data-image-width=\"1140\" data-image-height=\"671\">\n        <p class=\"u-custom-font u-font-montserrat u-text u-text-2\"><\/p>\n        <h4 class=\"u-text u-text-3\">\n          <span style=\"font-weight: 700;\">Uitreiking van de cheques<\/span>\n          <br>\n          <span style=\"font-size: 1.125rem;\"><\/span>\n          <span style=\"font-size: 1.125rem;\">\n            <br>\n          <\/span>\n          <span style=\"font-size: 1.125rem;\">Van links naar rechts:<br>Bestuur Huurdersvereniging Winterswijk, Speeltuin de Vrees, Speeltuin Rozenstraat, Speeltuin Hakkelerkamp, Speeltuin 't Kreil, stichting Winkie<br>\n          <\/span>\n        <\/h4>\n        <img decoding=\"async\" class=\"u-expanded-width-xs u-image u-image-default u-image-2\" src=\"https:\/\/huurdersverenigingwinterswijk.nl\/wp-content\/uploads\/2024\/10\/4d5763b7-10fa-4f17-93bc-0b512e9d63a1_thumb1440.jpg\" alt=\"\" data-image-width=\"1439\" data-image-height=\"847\">\n        <h5 class=\"u-text u-text-4\">\n          <span style=\"font-weight: 700; font-size: 1.5rem;\">Bouw projecten De Woonplaats<\/span>\n          <br>\n          <br>Europalaan sloop is gestart, Q1 2025 start nieuwbouw De Linde <br>Kleine Parallelweg verwachte start sloop 2024<br> Burgemeester Bosmastraat start Q1 2025<br>Misterweg wordt verduurzaamd start medio 2025<br>\n          <br>\n          <br>\n        <\/h5>\n        <img decoding=\"async\" class=\"u-expanded-width-xs u-image u-image-default u-image-3\" src=\"https:\/\/huurdersverenigingwinterswijk.nl\/wp-content\/uploads\/2024\/10\/FolderBuurtbemiddeling1.png\" alt=\"\" data-image-width=\"832\" data-image-height=\"1205\">\n        <img decoding=\"async\" class=\"u-expanded-width-xs u-image u-image-default u-image-4\" src=\"https:\/\/huurdersverenigingwinterswijk.nl\/wp-content\/uploads\/2024\/10\/FolderBuurtbemiddeling2.png\" alt=\"\" data-image-width=\"836\" data-image-height=\"1176\">\n        <h4 class=\"u-text u-text-5\">\n          <span style=\"font-size: 1.125rem;\">\n            <span style=\"font-weight: 700; font-size: 1.5rem;\">Informatie over verduurzaming en energie besparen<\/span>\n            <br>\n            <br>\n            <span style=\"font-weight: 700;\">Verduurzaming<\/span>\n            <br>De Woonplaats investeert veel in duurzame huurwoningen. Zo verduurzamen zij veel van de huurwoningen in Winterswijk. Dat doen ze als een woning van huurder wisselt, maar huurders van een eengezinswoning kunnen ook zelf een aanvraag voor verduurzaming doen. Dat betekent dat de woning een beter energielabel krijgt. Door goed te isoleren, hoeft u minder energie te gebruiken om uw woning warm te krijgen. De verduurzaming is gratis.<br>\n            <br>Benieuwd met welke maatregelen De Woonplaats uw woning duurzamer wil maken en hoe het werkt? Bekijk <a href=\"https:\/\/www.dewoonplaats.nl\/ik-ben-huurder\/brochures\/onderhoud-en-klussen-pdf\/221124-folder-verduurzaming.pdf\" class=\"u-active-none u-border-none u-btn u-button-link u-button-style u-hover-none u-none u-text-palette-1-base u-btn-1\">de folder<\/a> en <a href=\"https:\/\/www.dewoonplaats.nl\/ik-ben-huurder\/verduurzaming\/\" class=\"u-active-none u-border-none u-btn u-button-link u-button-style u-hover-none u-none u-text-palette-1-base u-btn-2\">meer informatie over verduurzamen<\/a> op hun website! Aanmelden kan gelijk via Mijn Woonplaats.<br>\n            <br>Woont u in een appartementencomplex? In deze gebouwen verduurzaamt De Woonplaats haar woningen in \u00e9\u00e9n keer. Als uw woongebouw aan de beurt is, wordt u daarover ge\u00efnformeerd. De Woonplaats pakt de slechtste complexen (met een laag energielabel) als eerste aan. Vanaf 2028 verhuren zij geen woningen meer met energielabel E, F of G. <br>\n            <br>\n            <span style=\"font-weight: 700;\">Energiebespaartips<\/span>\n            <br>De energieprijzen zijn afgelopen jaren erg gestegen. Daarom is het goed om te weten dat u zelf eenvoudig energie kunt besparen in uw woning. De Woonplaats heeft <a href=\"https:\/\/www.dewoonplaats.nl\/ik-ben-huurder\/brochures\/onderhoudtips-pdf\/230620-flyer-energiebespaartips-def.pdf\" class=\"u-active-none u-border-none u-btn u-button-link u-button-style u-hover-none u-none u-text-palette-1-base u-btn-3\">een flyer<\/a> met een aantal handige tips waar u direct mee aan de slag kunt! <br>\n            <br>Wilt u hulp bij het besparen van energie? De Woonplaats werkt samen met energiecoaches bij u in de buurt. Inwoners van Winterswijk kunnen gratis terecht bij het <a href=\"https:\/\/www.werkaanwinterswijk.nl\/duurzaamheid\/default.aspx\" class=\"u-active-none u-border-none u-btn u-button-link u-button-style u-hover-none u-none u-text-palette-1-base u-btn-4\">Centrum Duurzaam Winterswijk<\/a>. U kunt hiervoor contact opnemen via telefoonnummer 0543 \u2013 543 100 of langskomen in het oude raadhuis (Mevr. Kuipers-Rietbergplein 1 in Winterswijk). Ze zijn geopend van maandag tot en met donderdag van 13.00 tot 17.00 uur.<br>\n            <br>\n            <span style=\"font-weight: 700;\">Hittestress<\/span>\n            <br>De zomers in Nederland worden steeds warmer, en daarmee ook de woningen! Wanneer warmte in de woning zit, gaat die er niet zo gemakkelijk weer uit. Daarom is het belangrijk dat u zelf goed omgaat met de woning om het zo koel mogelijk te houden. Weten hoe? <a href=\"https:\/\/www.dewoonplaats.nl\/ik-ben-huurder\/brochures\/onderhoudtips-pdf\/221101-flyer-tips-koele-woning.pdf\" class=\"u-active-none u-border-none u-btn u-button-link u-button-style u-hover-none u-none u-text-palette-1-base u-btn-5\">Lees deze tips van De Woonplaats<\/a>.\n          <\/span>\n        <\/h4>\n        <div class=\"u-border-3 u-border-grey-dark-1 u-expanded-width u-line u-line-horizontal u-line-4\"><\/div>\n        <h4 class=\"u-text u-text-6\">\n          <span style=\"font-weight: 700;\">BESTUURSLEDEN GEZOCHT<\/span>\n          <br>\n          <span style=\"font-size: 1.125rem;\">Voor de huurdersverenigingen van De Woonplaats zoeken we versterking. Is deze vrijwilligersfunctie iets voor u? Wij zijn een huurdersvereniging van woningcorporatie De Woonplaats. We vertegenwoordigen alle huurders van De Woonplaats in Winterswijk. We hebben regelmatig overleg met De Woonplaats.<br>\n            <br>\n            <span style=\"font-weight: 700;\">Wat doen we?<\/span>\n            <br>Wij zijn een constructieve gesprekspartner voor De Woonplaats. We doen ons best om altijd het belang van de huurders voorop te stellen. Met onze idee\u00ebn en een kritische blik geven we een duidelijk signaal af. Dit doen we niet alleen naar De Woonplaats, maar ook bij de gemeente waarmee<br>we regelmatig gezamenlijk overleg hebben. Samen komen tot oplossingen voor goed wonen in Winterswijk, dat is waar het om gaat!<br>\n            <br>\n            <span style=\"font-weight: 700;\">Wie zoeken we?<\/span>\n            <br>\u2022 U vindt het leuk om de belangen van alle huurders te behartigen<br>\u2022 U bent als vrijwilliger beschikbaar om u een paar uur per week in te zetten<br>\u2022 U wilt graag meepraten over allerlei onderwerpen rondom sociale huurwoningen.<br>\u2022 U huurt een woning van de Woonplaats<br>\n            <br>Kortom wilt u zich inzetten voor alle huurders van De Woonplaats?<br>En ervaring opdoen in een bestuur van een vereniging?\n          <\/span>\n          <br>\n          <span style=\"font-size: 1.125rem;\">Neem dan contact met ons op, wij horen graag van u!<br>Mailadres is: <a href=\"mailto:info@huurdersverenigingwinterswijk.nl\" class=\"u-active-none u-border-none u-btn u-button-link u-button-style u-hover-none u-none u-text-palette-1-base u-btn-6\">info@huurdersverenigingwinterswijk.nl<\/a>\n          <\/span>\n        <\/h4>\n      <\/div>\n    <\/section>\n    \n    \n    \n  \n<\/div>","protected":false},"excerpt":{"rendered":"<p>Nieuws Uitreiking van de cheques Van links naar rechts:Bestuur Huurdersvereniging Winterswijk, Speeltuin de Vrees, Speeltuin Rozenstraat, Speeltuin Hakkelerkamp, Speeltuin &#8217;t Kreil, stichting Winkie Bouw projecten De Woonplaats Europalaan sloop is gestart, Q1 2025 start nieuwbouw De Linde Kleine Parallelweg verwachte start sloop 2024 Burgemeester Bosmastraat start Q1 2025Misterweg wordt verduurzaamd start medio 2025 Informatie over [&hellip;]<\/p>\n","protected":false},"author":1,"featured_media":0,"parent":0,"menu_order":0,"comment_status":"closed","ping_status":"closed","template":"","meta":{"footnotes":""},"class_list":["post-69","page","type-page","status-publish","hentry"],"_links":{"self":[{"href":"https:\/\/huurdersverenigingwinterswijk.nl\/index.php?rest_route=\/wp\/v2\/pages\/69","targetHints":{"allow":["GET"]}}],"collection":[{"href":"https:\/\/huurdersverenigingwinterswijk.nl\/index.php?rest_route=\/wp\/v2\/pages"}],"about":[{"href":"https:\/\/huurdersverenigingwinterswijk.nl\/index.php?rest_route=\/wp\/v2\/types\/page"}],"author":[{"embeddable":true,"href":"https:\/\/huurdersverenigingwinterswijk.nl\/index.php?rest_route=\/wp\/v2\/users\/1"}],"replies":[{"embeddable":true,"href":"https:\/\/huurdersverenigingwinterswijk.nl\/index.php?rest_route=%2Fwp%2Fv2%2Fcomments&post=69"}],"version-history":[{"count":17,"href":"https:\/\/huurdersverenigingwinterswijk.nl\/index.php?rest_route=\/wp\/v2\/pages\/69\/revisions"}],"predecessor-version":[{"id":134,"href":"https:\/\/huurdersverenigingwinterswijk.nl\/index.php?rest_route=\/wp\/v2\/pages\/69\/revisions\/134"}],"wp:attachment":[{"href":"https:\/\/huurdersverenigingwinterswijk.nl\/index.php?rest_route=%2Fwp%2Fv2%2Fmedia&parent=69"}],"curies":[{"name":"wp","href":"https:\/\/api.w.org\/{rel}","templated":true}]}}